{"id":5443,"date":"2022-03-31T11:48:48","date_gmt":"2022-03-31T10:48:48","guid":{"rendered":"https:\/\/headoffice.mpct.co.uk\/tystysgrif-hyfforddi-campfa-lefel-2-ymca-awards\/"},"modified":"2022-03-31T11:48:49","modified_gmt":"2022-03-31T10:48:49","slug":"tystysgrif-hyfforddi-campfa-lefel-2-ymca-awards","status":"publish","type":"page","link":"https:\/\/headoffice.mpct.co.uk\/cy\/tystysgrif-hyfforddi-campfa-lefel-2-ymca-awards\/","title":{"rendered":"Tystysgrif Hyfforddi Campfa Lefel 2 YMCA Awards"},"content":{"rendered":"\n<p><strong>Cymerwch y cam cyntaf tuag at yrfa fel hyfforddwr ffitrwydd gyda&#8217;r cwrs rhan-amser AM DDIM hwn!<\/strong><\/p>\n\n<p>Mae MPCT yn falch iawn o gynnig y cwrs rhan-amser hwn, sydd ar gael i unrhyw un 16+ oed nad ydynt mewn addysg amser llawn ar hyn o bryd.<\/p>\n\n<p>Mae MPCT mewn partneriaeth \u00e2 Choleg Caerdydd y Fro yn cynnig cyfle i ddysgwyr gwblhau <strong>Cymhwyster Tystysgrif Hyfforddi Campfa Lefel 2 YMCA Awards<\/strong>.<\/p>\n\n<p>Wedi&#8217;i gyflwyno mewn cyfleuster hamdden o\u2019r radd flaened, David Lloyd yng Nghaerdydd, mae&#8217;r cymhwyster hwn wedi&#8217;i anelu at ddysgwyr sy\u2019n awyddus i gael gyrfa yn y diwydiant iechyd a ffitrwydd fel hyfforddwr ffitrwydd yng nghyd-destun ymarfer yn y gampfa. Mae&#8217;r cwrs yn cael ei gynnig mewn bloc pythefnos o hyfforddiant dwys, ond mae opsiynau eraill ar gael yn seiliedig ar eich anghenion unigol. Os hoffech gael rhagor o wybodaeth am sut i gofrestru ar y cwrs, nodwch eich manylion drwy glicio <strong><a href=\"https:\/\/headoffice.mpct.co.uk\/level-2-certificate-in-gym-instructing\/\">yma<\/a><\/strong> neu ddilyn y ddolen isod, a bydd un o&#8217;r t\u00eem yn cysylltu \u00e2 chi, neu gallwch ffonio 0330 111 3939 i siarad \u00e2&#8217;n T\u00eem Cymorth i Ddysgwyr a fydd yn ateb eich holl gwestiynau ac yn eich cofrestru ar y cwrs.<\/p>\n\n<figure class=\"wp-block-image size-full\"><img loading=\"lazy\" width=\"700\" height=\"386\" src=\"https:\/\/headoffice.mpct.co.uk\/app\/uploads\/2022\/01\/Level-2-Gym-Instructing-Image-1.jpg\" alt=\"\" class=\"wp-image-5168\" srcset=\"https:\/\/headoffice.mpct.co.uk\/app\/uploads\/2022\/01\/Level-2-Gym-Instructing-Image-1.jpg 700w, https:\/\/headoffice.mpct.co.uk\/app\/uploads\/2022\/01\/Level-2-Gym-Instructing-Image-1-300x165.jpg 300w\" sizes=\"(max-width: 700px) 100vw, 700px\" \/><figcaption>Merch yn ymarfer yn y gampfa gyda chymorth hyfforddwr personol<\/figcaption><\/figure>\n\n<p><strong>Mae&#8217;r cwrs yn cynnwys:<\/strong>      <\/p>\n\n<ul><li>Anatomeg a ffisioleg<\/li><li>Sut i gynnal iechyd, diogelwch a lles mewn amrywiaeth o amgylcheddau ffitrwydd, gan gynnwys diogelu plant ac oedolion sy&#8217;n agored i niwed<\/li><li>Sut i raglennu ymarfer corff diogel ac effeithiol ar gyfer amrywiaeth o gleientiaid, manteision iechyd gweithgarwch corfforol a phwysigrwydd bwyta&#8217;n iach<\/li><li>Sut i gyfathrebu \u00e2 chleientiaid yn effeithiol, ac ysgogi cleientiaid i lynu wrth raglen ymarfer corff<\/li><li>Y sgiliau a&#8217;r wybodaeth sydd eu hangen i gynllunio a pharatoi rhaglen ymarfer corff yn y gampfa gydag oedolion sy&#8217;n ymddangos yn iach &#8211; ar gyfer unigolion a grwpiau. Gall hyn gynnwys pobl ifanc yn yr ystod oedran 14-16, ar yr amod eu bod yn rhan o gr\u0175p oedolion mwy. Trafodir grwpiau cleientiaid eraill hefyd, gan gynnwys oedolion h\u0177n, cleientiaid cyn ac \u00f4l-enedigol a chleientiaid anabl ar yr amod bod y gwrtharwyddion perthnasol a&#8217;r canllawiau diogelwch allweddol yn cael eu harsylwi.<\/li><\/ul>\n\n<p>Llwybrau dilyniant posibl:<\/p>\n\n<p><strong>Cymhwyster Tystysgrif Hyfforddi Campfa Lefel 3 YMCA<\/strong>.<\/p>\n\n<p>Ar hyn o bryd mae gennym leoedd ar gael, a chan mai cwrs dwys byr yw hwn, gallech ennill eich cymhwyster o fewn ychydig wythnosau. Felly peidiwch ag oedi, cysylltwch \u00e2 ni heddiw i ddysgu mwy!<\/p>\n\n<div class=\"wp-block-buttons\">\n<div class=\"wp-block-button\"><a class=\"wp-block-button__link has-white-color has-text-color has-background\" href=\"https:\/\/headoffice.mpct.co.uk\/level-2-certificate-in-gym-instructing\/\" style=\"border-radius:41px;background-color:#cf1f25\">Cliciwch yma i holi nawr!<\/a><\/div>\n<\/div>\n\n<p><\/p>\n\n<figure class=\"wp-block-image size-full\"><img loading=\"lazy\" width=\"700\" height=\"373\" src=\"https:\/\/headoffice.mpct.co.uk\/app\/uploads\/2022\/01\/Level-2-Gym-Instructing-Image-2.jpg\" alt=\"\" class=\"wp-image-5170\" srcset=\"https:\/\/headoffice.mpct.co.uk\/app\/uploads\/2022\/01\/Level-2-Gym-Instructing-Image-2.jpg 700w, https:\/\/headoffice.mpct.co.uk\/app\/uploads\/2022\/01\/Level-2-Gym-Instructing-Image-2-300x160.jpg 300w\" sizes=\"(max-width: 700px) 100vw, 700px\" \/><figcaption>Cwpl ifanc athletaidd gyda rhaff frwydr yn gwneud ymarfer corff mewn campfa hyfforddiant ffitrwydd<\/figcaption><\/figure>\n","protected":false},"excerpt":{"rendered":"<p>Cymerwch y cam cyntaf tuag at yrfa fel hyfforddwr ffitrwydd gyda&#8217;r cwrs rhan-amser AM DDIM hwn! Mae MPCT yn falch<\/p>\n","protected":false},"author":3,"featured_media":0,"parent":0,"menu_order":0,"comment_status":"closed","ping_status":"closed","template":"views\/template-custom.blade.php","meta":[],"_links":{"self":[{"href":"https:\/\/headoffice.mpct.co.uk\/cy\/wp-json\/wp\/v2\/pages\/5443"}],"collection":[{"href":"https:\/\/headoffice.mpct.co.uk\/cy\/wp-json\/wp\/v2\/pages"}],"about":[{"href":"https:\/\/headoffice.mpct.co.uk\/cy\/wp-json\/wp\/v2\/types\/page"}],"author":[{"embeddable":true,"href":"https:\/\/headoffice.mpct.co.uk\/cy\/wp-json\/wp\/v2\/users\/3"}],"replies":[{"embeddable":true,"href":"https:\/\/headoffice.mpct.co.uk\/cy\/wp-json\/wp\/v2\/comments?post=5443"}],"version-history":[{"count":1,"href":"https:\/\/headoffice.mpct.co.uk\/cy\/wp-json\/wp\/v2\/pages\/5443\/revisions"}],"predecessor-version":[{"id":5444,"href":"https:\/\/headoffice.mpct.co.uk\/cy\/wp-json\/wp\/v2\/pages\/5443\/revisions\/5444"}],"wp:attachment":[{"href":"https:\/\/headoffice.mpct.co.uk\/cy\/wp-json\/wp\/v2\/media?parent=5443"}],"curies":[{"name":"wp","href":"https:\/\/api.w.org\/{rel}","templated":true}]}}